{"id":727,"date":"2011-12-17T16:26:39","date_gmt":"2011-12-17T15:26:39","guid":{"rendered":"http:\/\/madonna.khg.jku.at\/schlagnitweit\/?page_id=727"},"modified":"2020-03-27T18:15:38","modified_gmt":"2020-03-27T17:15:38","slug":"theater-m-23-2011-dea-loher-diebe","status":"publish","type":"page","link":"https:\/\/www.schlagnitweit.at\/?page_id=727","title":{"rendered":"Theater M.23 &#8211; 2011"},"content":{"rendered":"\t\t<div data-elementor-type=\"wp-page\" data-elementor-id=\"727\" class=\"elementor elementor-727\">\n\t\t\t\t\t\t<section class=\"elementor-section elementor-top-section elementor-element elementor-element-724466ac elementor-section-full_width elementor-section-content-top elementor-section-stretched elementor-section-height-default elementor-section-height-default\" data-id=\"724466ac\" data-element_type=\"section\" data-e-type=\"section\" data-settings=\"{&quot;stretch_section&quot;:&quot;section-stretched&quot;}\">\n\t\t\t\t\t\t<div class=\"elementor-container elementor-column-gap-narrow\">\n\t\t\t\t\t<div class=\"elementor-column elementor-col-100 elementor-top-column elementor-element elementor-element-62d23307\" data-id=\"62d23307\" data-element_type=\"column\" data-e-type=\"column\">\n\t\t\t<div class=\"elementor-widget-wrap elementor-element-populated\">\n\t\t\t\t\t\t<section class=\"elementor-section elementor-inner-section elementor-element elementor-element-2ce41c86 elementor-section-full_width elementor-section-height-min-height elementor-section-content-top elementor-section-height-default\" data-id=\"2ce41c86\" data-element_type=\"section\" data-e-type=\"section\">\n\t\t\t\t\t\t<div class=\"elementor-container elementor-column-gap-default\">\n\t\t\t\t\t<div class=\"elementor-column elementor-col-66 elementor-inner-column elementor-element elementor-element-477563d8\" data-id=\"477563d8\" data-element_type=\"column\" data-e-type=\"column\">\n\t\t\t<div class=\"elementor-widget-wrap elementor-element-populated\">\n\t\t\t\t\t\t<div class=\"elementor-element elementor-element-22174956 elementor-widget elementor-widget-text-editor\" data-id=\"22174956\" data-element_type=\"widget\" data-e-type=\"widget\" data-widget_type=\"text-editor.default\">\n\t\t\t\t<div class=\"elementor-widget-container\">\n\t\t\t\t\t\t\t\t\t<h3 style=\"text-align: center;\"><span style=\"color: #455800;\">Dea LOHER &#8222;Diebe&#8220;<\/span><\/h3><p style=\"text-align: center;\">(UA: Berlin 2010 \/ \u00d6sterr. Erstproduktion)<\/p><p style=\"text-align: left;\"><em>Das St\u00fcck spielt in der Gegenwart am Rand der St\u00e4dte.<\/em><\/p><p style=\"text-align: left;\">Finn, Versicherungsmakler, erwacht und wei\u00df, dass er nie mehr aufstehen will. Seine Schwester Linda sieht einen Wolf und hofft, dass ihre vom Konkurs bedrohte Therme bald in einem Naturreservat stehen wird. Erwin, Vater der beiden, w\u00fcrde gern einmal ein normales Gespr\u00e4ch f\u00fchren. Monika, Verk\u00e4uferin im Supermarkt, glaubt an ihre bevorstehende Bef\u00f6rderung. Ihr Mann, Thomas, Polizist, w\u00fcrde mitgehen. Herr und Frau Schmitt f\u00fchlen sich beobachtet. Mira, schwanger, m\u00f6chte ihr Kind nicht bekommen. Josef, dessen Vater, m\u00f6chte es unbedingt haben. Gabi und Rainer suchen eine Wohnung oder tun nur so. Ira wartet seit 43 Jahren auf ihren Ehemann, der nur einen Spaziergang machen wollte.<\/p>ngg_shortcode_0_placeholder<p><span style=\"color: #455800;\"><strong>Besetzung<\/strong><\/span><\/p><p>Finn Tomason &#8211; <a href=\"https:\/\/www.schlagnitweit.at\/galerie\/diebe\/Modl.JPG\" target=\"_blank\" rel=\"noopener noreferrer\">Maximilian Modl<\/a><br \/>Linda Tomason, seine Schwester &#8211; <a href=\"https:\/\/www.schlagnitweit.at\/galerie\/diebe\/Altenhofer.JPG\" target=\"_blank\" rel=\"noopener noreferrer\">Stefanie Altenhofer<\/a><br \/>Erwin Tomason, Vater der beiden &#8211; <a href=\"https:\/\/www.schlagnitweit.at\/galerie\/diebe\/Schlagnitweit.JPG\" target=\"_blank\" rel=\"noopener noreferrer\">Markus Schlagnitweit<\/a><\/p><p>Thomas Tomason, mit obigen nicht verwandt &#8211; <a href=\"https:\/\/www.schlagnitweit.at\/galerie\/diebe\/Hohl.JPG\" target=\"_blank\" rel=\"noopener noreferrer\">Ronald Hohl<\/a><br \/>Monika Tomason, seine Frau &#8211; <a href=\"https:\/\/www.schlagnitweit.at\/galerie\/diebe\/Wallinger.JPG\" target=\"_blank\" rel=\"noopener noreferrer\">Maria Wallinger<\/a><\/p><p>Herr Dr. Gerhard Schmitt &#8211; <a href=\"https:\/\/www.schlagnitweit.at\/galerie\/diebe\/Schaitl.JPG\" target=\"_blank\" rel=\"noopener noreferrer\">Josef Schaitl<\/a><br \/>Frau Ida Schmitt &#8211; <a href=\"https:\/\/www.schlagnitweit.at\/galerie\/diebe\/Bliem.JPG\" target=\"_blank\" rel=\"noopener noreferrer\">Michaela Bliem<\/a><\/p><p>Josef Erbarmen &#8211; <a href=\"https:\/\/www.schlagnitweit.at\/galerie\/diebe\/Schoeffl.JPG\" target=\"_blank\" rel=\"noopener noreferrer\">Christof Sch\u00f6ffl<\/a><br \/>Mira Halbe &#8211; <a href=\"https:\/\/www.schlagnitweit.at\/galerie\/diebe\/Lindorfer.JPG\" target=\"_blank\" rel=\"noopener noreferrer\">Christina Lindorfer<\/a><br \/>Gabi Novotny &#8211; <a href=\"https:\/\/www.schlagnitweit.at\/galerie\/diebe\/Zeisel.JPG\" target=\"_blank\" rel=\"noopener noreferrer\">Silvia Zeisel<\/a><\/p><p>Rainer Machatschek &#8211; <a href=\"https:\/\/www.schlagnitweit.at\/galerie\/diebe\/Mayrhofer.JPG\" target=\"_blank\" rel=\"noopener noreferrer\">Michael Mayrhofer<\/a><br \/>Ira Davidoff &#8211; <a href=\"https:\/\/www.schlagnitweit.at\/galerie\/diebe\/Wullner.JPG\" target=\"_blank\" rel=\"noopener noreferrer\">Susanne Wullner<\/a><\/p><p>Regie &#8211; <a href=\"https:\/\/www.schlagnitweit.at\/galerie\/diebe\/Langwiesner.JPG\" target=\"_blank\" rel=\"noopener noreferrer\">Erich J. Langwiesner<\/a><br \/>Regieassistenz \/ Organisation &#8211; <a href=\"https:\/\/www.schlagnitweit.at\/galerie\/diebe\/Mayrhofer.JPG\" target=\"_blank\" rel=\"noopener noreferrer\">Michael Mayrhofer<\/a><br \/>B\u00fchnentechnik \/ Requisite &#8211; <a href=\"https:\/\/www.schlagnitweit.at\/galerie\/diebe\/Schobesberger.JPG\" target=\"_blank\" rel=\"noopener noreferrer\">Christian Schobesberger<\/a><br \/>Souffleuse &#8211; <a href=\"https:\/\/www.schlagnitweit.at\/galerie\/diebe\/Neulinger.JPG\" target=\"_blank\" rel=\"noopener noreferrer\">Anna Neulinger<\/a><\/p>\t\t\t\t\t\t\t\t<\/div>\n\t\t\t\t<\/div>\n\t\t\t\t\t<\/div>\n\t\t<\/div>\n\t\t\t\t<div class=\"elementor-column elementor-col-33 elementor-inner-column elementor-element elementor-element-38e01e33\" data-id=\"38e01e33\" data-element_type=\"column\" data-e-type=\"column\">\n\t\t\t<div class=\"elementor-widget-wrap elementor-element-populated\">\n\t\t\t\t\t\t<div class=\"elementor-element elementor-element-1c607be7 elementor-widget elementor-widget-text-editor\" data-id=\"1c607be7\" data-element_type=\"widget\" data-e-type=\"widget\" data-widget_type=\"text-editor.default\">\n\t\t\t\t<div class=\"elementor-widget-container\">\n\t\t\t\t\t\t\t\t\t<h3 id=\"zitat\">Menschen &#8230;,<br \/>die leben,<br \/>als lebten sie nicht.<br \/>Die sich durch ihr<br \/>eigenes Leben hindurchstehlen,<br \/>vorsichtig und scheu,<br \/>als ob ihnen<br \/>nichts davon geh\u00f6ren w\u00fcrde,<br \/>als ob sie kein Recht h\u00e4tten,<br \/>sich darin aufzuhalten. &#8211;<br \/>Als ob wir Diebe w\u00e4ren.<\/h3><h5 id=\"autor\" style=\"text-align: right;\"><em>(Dea Loher)<\/em><\/h5>\t\t\t\t\t\t\t\t<\/div>\n\t\t\t\t<\/div>\n\t\t\t\t\t<\/div>\n\t\t<\/div>\n\t\t\t\t\t<\/div>\n\t\t<\/section>\n\t\t\t\t\t<\/div>\n\t\t<\/div>\n\t\t\t\t\t<\/div>\n\t\t<\/section>\n\t\t\t\t<\/div>\n\t\t","protected":false},"excerpt":{"rendered":"<p>Dea LOHER &#8222;Diebe&#8220; (UA: Berlin 2010 \/ \u00d6sterr. Erstproduktion) Das St\u00fcck spielt in der Gegenwart am Rand der St\u00e4dte. Finn, Versicherungsmakler, erwacht und wei\u00df, dass er nie mehr aufstehen will. Seine Schwester Linda sieht einen Wolf und hofft, dass ihre vom Konkurs bedrohte Therme bald in einem Naturreservat stehen wird. Erwin, Vater der beiden, w\u00fcrde [&hellip;]<\/p>\n","protected":false},"author":1,"featured_media":0,"parent":70,"menu_order":300,"comment_status":"closed","ping_status":"closed","template":"","meta":{"site-sidebar-layout":"default","site-content-layout":"default","ast-site-content-layout":"default","site-content-style":"default","site-sidebar-style":"default","ast-global-header-display":"","ast-banner-title-visibility":"","ast-main-header-display":"","ast-hfb-above-header-display":"","ast-hfb-below-header-display":"","ast-hfb-mobile-header-display":"","site-post-title":"","ast-breadcrumbs-content":"","ast-featured-img":"","footer-sml-layout":"","ast-disable-related-posts":"","theme-transparent-header-meta":"default","adv-header-id-meta":"","stick-header-meta":"","header-above-stick-meta":"","header-main-stick-meta":"","header-below-stick-meta":"","astra-migrate-meta-layouts":"default","ast-page-background-enabled":"default","ast-page-background-meta":{"desktop":{"background-color":"","background-image":"","background-repeat":"repeat","background-position":"center center","background-size":"auto","background-attachment":"scroll","background-type":"","background-media":"","overlay-type":"","overlay-color":"","overlay-opacity":"","overlay-gradient":""},"tablet":{"background-color":"","background-image":"","background-repeat":"repeat","background-position":"center center","background-size":"auto","background-attachment":"scroll","background-type":"","background-media":"","overlay-type":"","overlay-color":"","overlay-opacity":"","overlay-gradient":""},"mobile":{"background-color":"","background-image":"","background-repeat":"repeat","background-position":"center center","background-size":"auto","background-attachment":"scroll","background-type":"","background-media":"","overlay-type":"","overlay-color":"","overlay-opacity":"","overlay-gradient":""}},"ast-content-background-meta":{"desktop":{"background-color":"var(--ast-global-color-5)","background-image":"","background-repeat":"repeat","background-position":"center center","background-size":"auto","background-attachment":"scroll","background-type":"","background-media":"","overlay-type":"","overlay-color":"","overlay-opacity":"","overlay-gradient":""},"tablet":{"background-color":"var(--ast-global-color-5)","background-image":"","background-repeat":"repeat","background-position":"center center","background-size":"auto","background-attachment":"scroll","background-type":"","background-media":"","overlay-type":"","overlay-color":"","overlay-opacity":"","overlay-gradient":""},"mobile":{"background-color":"var(--ast-global-color-5)","background-image":"","background-repeat":"repeat","background-position":"center center","background-size":"auto","background-attachment":"scroll","background-type":"","background-media":"","overlay-type":"","overlay-color":"","overlay-opacity":"","overlay-gradient":""}},"ngg_post_thumbnail":0,"footnotes":""},"class_list":["post-727","page","type-page","status-publish","hentry"],"_links":{"self":[{"href":"https:\/\/www.schlagnitweit.at\/index.php?rest_route=\/wp\/v2\/pages\/727","targetHints":{"allow":["GET"]}}],"collection":[{"href":"https:\/\/www.schlagnitweit.at\/index.php?rest_route=\/wp\/v2\/pages"}],"about":[{"href":"https:\/\/www.schlagnitweit.at\/index.php?rest_route=\/wp\/v2\/types\/page"}],"author":[{"embeddable":true,"href":"https:\/\/www.schlagnitweit.at\/index.php?rest_route=\/wp\/v2\/users\/1"}],"replies":[{"embeddable":true,"href":"https:\/\/www.schlagnitweit.at\/index.php?rest_route=%2Fwp%2Fv2%2Fcomments&post=727"}],"version-history":[{"count":33,"href":"https:\/\/www.schlagnitweit.at\/index.php?rest_route=\/wp\/v2\/pages\/727\/revisions"}],"predecessor-version":[{"id":3691,"href":"https:\/\/www.schlagnitweit.at\/index.php?rest_route=\/wp\/v2\/pages\/727\/revisions\/3691"}],"up":[{"embeddable":true,"href":"https:\/\/www.schlagnitweit.at\/index.php?rest_route=\/wp\/v2\/pages\/70"}],"wp:attachment":[{"href":"https:\/\/www.schlagnitweit.at\/index.php?rest_route=%2Fwp%2Fv2%2Fmedia&parent=727"}],"curies":[{"name":"wp","href":"https:\/\/api.w.org\/{rel}","templated":true}]}}